{"id":430,"date":"2023-11-17T16:08:04","date_gmt":"2023-11-17T21:08:04","guid":{"rendered":"https:\/\/kingmetalindustries.com\/home-copy\/"},"modified":"2024-06-19T08:29:42","modified_gmt":"2024-06-19T12:29:42","slug":"accueil","status":"publish","type":"page","link":"https:\/\/kingmetalindustries.ca\/fr\/","title":{"rendered":"Accueil"},"content":{"rendered":"","protected":false},"excerpt":{"rendered":"","protected":false},"author":1,"featured_media":491,"parent":0,"menu_order":0,"comment_status":"closed","ping_status":"closed","template":"index.php","meta":{"footnotes":""},"acf":[],"yoast_head":"<!-- This site is optimized with the Yoast SEO plugin v21.6 - https:\/\/yoast.com\/wordpress\/plugins\/seo\/ -->\n<title>Conteneurs maritimes | 20 et 40 pieds | Les Industries King M\u00e9tal<\/title>\n<meta name=\"description\" content=\"Vente et location de conteneurs maritimes 20 \u00e0 40 pieds nouveaux ou usag\u00e9s. Services de modifications de conteneurs, vente de rayonnages d&#039;entrep\u00f4t et accessoires.\" \/>\n<meta name=\"robots\" content=\"index, follow, max-snippet:-1, max-image-preview:large, max-video-preview:-1\" \/>\n<link rel=\"canonical\" href=\"https:\/\/kingmetalindustries.ca\/fr\/\" \/>\n<meta property=\"og:locale\" content=\"fr_FR\" \/>\n<meta property=\"og:type\" content=\"article\" \/>\n<meta property=\"og:title\" content=\"Conteneurs maritimes | 20 et 40 pieds | Les Industries King M\u00e9tal\" \/>\n<meta property=\"og:description\" content=\"Vente et location de conteneurs maritimes 20 \u00e0 40 pieds nouveaux ou usag\u00e9s. Services de modifications de conteneurs, vente de rayonnages d&#039;entrep\u00f4t et accessoires.\" \/>\n<meta property=\"og:url\" content=\"https:\/\/kingmetalindustries.ca\/fr\/\" \/>\n<meta property=\"og:site_name\" content=\"Les Industries de M\u00e9tal King\" \/>\n<meta property=\"article:publisher\" content=\"https:\/\/www.facebook.com\/kingmetalindustries\" \/>\n<meta property=\"article:modified_time\" content=\"2024-06-19T12:29:42+00:00\" \/>\n<meta name=\"twitter:card\" content=\"summary_large_image\" \/>\n<meta name=\"twitter:image\" content=\"https:\/\/kingmetalindustries.ca\/wp-content\/uploads\/2023\/12\/social.svg\" \/>\n<script type=\"application\/ld+json\" class=\"yoast-schema-graph\">{\"@context\":\"https:\/\/schema.org\",\"@graph\":[{\"@type\":\"WebPage\",\"@id\":\"https:\/\/kingmetalindustries.ca\/fr\/\",\"url\":\"https:\/\/kingmetalindustries.ca\/fr\/\",\"name\":\"Conteneurs maritimes | 20 et 40 pieds | Les Industries King M\u00e9tal\",\"isPartOf\":{\"@id\":\"https:\/\/kingmetalindustries.ca\/fr\/#website\"},\"datePublished\":\"2023-11-17T21:08:04+00:00\",\"dateModified\":\"2024-06-19T12:29:42+00:00\",\"description\":\"Vente et location de conteneurs maritimes 20 \u00e0 40 pieds nouveaux ou usag\u00e9s. Services de modifications de conteneurs, vente de rayonnages d'entrep\u00f4t et accessoires.\",\"breadcrumb\":{\"@id\":\"https:\/\/kingmetalindustries.ca\/fr\/#breadcrumb\"},\"inLanguage\":\"fr-FR\",\"potentialAction\":[{\"@type\":\"ReadAction\",\"target\":[\"https:\/\/kingmetalindustries.ca\/fr\/\"]}]},{\"@type\":\"BreadcrumbList\",\"@id\":\"https:\/\/kingmetalindustries.ca\/fr\/#breadcrumb\",\"itemListElement\":[{\"@type\":\"ListItem\",\"position\":1,\"name\":\"Home\",\"item\":\"https:\/\/kingmetalindustries.ca\/fr\/\"},{\"@type\":\"ListItem\",\"position\":2,\"name\":\"Accueil\"}]},{\"@type\":\"WebSite\",\"@id\":\"https:\/\/kingmetalindustries.ca\/fr\/#website\",\"url\":\"https:\/\/kingmetalindustries.ca\/fr\/\",\"name\":\"Les Industries de M\u00e9tal King\",\"description\":\"Conteneurs d&#039;exp\u00e9dition sp\u00e9cialis\u00e9s et rayonnages \u00e0 palettes pour le stockage et solutions personnalis\u00e9es.\",\"publisher\":{\"@id\":\"https:\/\/kingmetalindustries.ca\/fr\/#organization\"},\"potentialAction\":[{\"@type\":\"SearchAction\",\"target\":{\"@type\":\"EntryPoint\",\"urlTemplate\":\"https:\/\/kingmetalindustries.ca\/fr\/?s={search_term_string}\"},\"query-input\":\"required name=search_term_string\"}],\"inLanguage\":\"fr-FR\"},{\"@type\":\"Organization\",\"@id\":\"https:\/\/kingmetalindustries.ca\/fr\/#organization\",\"name\":\"King Metal Industries\",\"url\":\"https:\/\/kingmetalindustries.ca\/fr\/\",\"logo\":{\"@type\":\"ImageObject\",\"inLanguage\":\"fr-FR\",\"@id\":\"https:\/\/kingmetalindustries.ca\/fr\/#\/schema\/logo\/image\/\",\"url\":\"https:\/\/kingmetalindustries.ca\/wp-content\/uploads\/2023\/12\/social.svg\",\"contentUrl\":\"https:\/\/kingmetalindustries.ca\/wp-content\/uploads\/2023\/12\/social.svg\",\"width\":500,\"height\":281,\"caption\":\"King Metal Industries\"},\"image\":{\"@id\":\"https:\/\/kingmetalindustries.ca\/fr\/#\/schema\/logo\/image\/\"},\"sameAs\":[\"https:\/\/www.facebook.com\/kingmetalindustries\",\"https:\/\/www.instagram.com\/kingmetalindustries\",\"https:\/\/www.linkedin.com\/company\/kingmetalindustries\/\"]}]}<\/script>\n<!-- \/ Yoast SEO plugin. -->","yoast_head_json":{"title":"Conteneurs maritimes | 20 et 40 pieds | Les Industries King M\u00e9tal","description":"Vente et location de conteneurs maritimes 20 \u00e0 40 pieds nouveaux ou usag\u00e9s. Services de modifications de conteneurs, vente de rayonnages d'entrep\u00f4t et accessoires.","robots":{"index":"index","follow":"follow","max-snippet":"max-snippet:-1","max-image-preview":"max-image-preview:large","max-video-preview":"max-video-preview:-1"},"canonical":"https:\/\/kingmetalindustries.ca\/fr\/","og_locale":"fr_FR","og_type":"article","og_title":"Conteneurs maritimes | 20 et 40 pieds | Les Industries King M\u00e9tal","og_description":"Vente et location de conteneurs maritimes 20 \u00e0 40 pieds nouveaux ou usag\u00e9s. Services de modifications de conteneurs, vente de rayonnages d'entrep\u00f4t et accessoires.","og_url":"https:\/\/kingmetalindustries.ca\/fr\/","og_site_name":"Les Industries de M\u00e9tal King","article_publisher":"https:\/\/www.facebook.com\/kingmetalindustries","article_modified_time":"2024-06-19T12:29:42+00:00","twitter_card":"summary_large_image","twitter_image":"https:\/\/kingmetalindustries.ca\/wp-content\/uploads\/2023\/12\/social.svg","schema":{"@context":"https:\/\/schema.org","@graph":[{"@type":"WebPage","@id":"https:\/\/kingmetalindustries.ca\/fr\/","url":"https:\/\/kingmetalindustries.ca\/fr\/","name":"Conteneurs maritimes | 20 et 40 pieds | Les Industries King M\u00e9tal","isPartOf":{"@id":"https:\/\/kingmetalindustries.ca\/fr\/#website"},"datePublished":"2023-11-17T21:08:04+00:00","dateModified":"2024-06-19T12:29:42+00:00","description":"Vente et location de conteneurs maritimes 20 \u00e0 40 pieds nouveaux ou usag\u00e9s. Services de modifications de conteneurs, vente de rayonnages d'entrep\u00f4t et accessoires.","breadcrumb":{"@id":"https:\/\/kingmetalindustries.ca\/fr\/#breadcrumb"},"inLanguage":"fr-FR","potentialAction":[{"@type":"ReadAction","target":["https:\/\/kingmetalindustries.ca\/fr\/"]}]},{"@type":"BreadcrumbList","@id":"https:\/\/kingmetalindustries.ca\/fr\/#breadcrumb","itemListElement":[{"@type":"ListItem","position":1,"name":"Home","item":"https:\/\/kingmetalindustries.ca\/fr\/"},{"@type":"ListItem","position":2,"name":"Accueil"}]},{"@type":"WebSite","@id":"https:\/\/kingmetalindustries.ca\/fr\/#website","url":"https:\/\/kingmetalindustries.ca\/fr\/","name":"Les Industries de M\u00e9tal King","description":"Conteneurs d&#039;exp\u00e9dition sp\u00e9cialis\u00e9s et rayonnages \u00e0 palettes pour le stockage et solutions personnalis\u00e9es.","publisher":{"@id":"https:\/\/kingmetalindustries.ca\/fr\/#organization"},"potentialAction":[{"@type":"SearchAction","target":{"@type":"EntryPoint","urlTemplate":"https:\/\/kingmetalindustries.ca\/fr\/?s={search_term_string}"},"query-input":"required name=search_term_string"}],"inLanguage":"fr-FR"},{"@type":"Organization","@id":"https:\/\/kingmetalindustries.ca\/fr\/#organization","name":"King Metal Industries","url":"https:\/\/kingmetalindustries.ca\/fr\/","logo":{"@type":"ImageObject","inLanguage":"fr-FR","@id":"https:\/\/kingmetalindustries.ca\/fr\/#\/schema\/logo\/image\/","url":"https:\/\/kingmetalindustries.ca\/wp-content\/uploads\/2023\/12\/social.svg","contentUrl":"https:\/\/kingmetalindustries.ca\/wp-content\/uploads\/2023\/12\/social.svg","width":500,"height":281,"caption":"King Metal Industries"},"image":{"@id":"https:\/\/kingmetalindustries.ca\/fr\/#\/schema\/logo\/image\/"},"sameAs":["https:\/\/www.facebook.com\/kingmetalindustries","https:\/\/www.instagram.com\/kingmetalindustries","https:\/\/www.linkedin.com\/company\/kingmetalindustries\/"]}]}},"_links":{"self":[{"href":"https:\/\/kingmetalindustries.ca\/fr\/wp-json\/wp\/v2\/pages\/430"}],"collection":[{"href":"https:\/\/kingmetalindustries.ca\/fr\/wp-json\/wp\/v2\/pages"}],"about":[{"href":"https:\/\/kingmetalindustries.ca\/fr\/wp-json\/wp\/v2\/types\/page"}],"author":[{"embeddable":true,"href":"https:\/\/kingmetalindustries.ca\/fr\/wp-json\/wp\/v2\/users\/1"}],"replies":[{"embeddable":true,"href":"https:\/\/kingmetalindustries.ca\/fr\/wp-json\/wp\/v2\/comments?post=430"}],"version-history":[{"count":25,"href":"https:\/\/kingmetalindustries.ca\/fr\/wp-json\/wp\/v2\/pages\/430\/revisions"}],"predecessor-version":[{"id":752,"href":"https:\/\/kingmetalindustries.ca\/fr\/wp-json\/wp\/v2\/pages\/430\/revisions\/752"}],"wp:featuredmedia":[{"embeddable":true,"href":"https:\/\/kingmetalindustries.ca\/fr\/wp-json\/wp\/v2\/media\/491"}],"wp:attachment":[{"href":"https:\/\/kingmetalindustries.ca\/fr\/wp-json\/wp\/v2\/media?parent=430"}],"curies":[{"name":"wp","href":"https:\/\/api.w.org\/{rel}","templated":true}]}}